{"id":15,"date":"2021-02-26T14:44:55","date_gmt":"2021-02-26T13:44:55","guid":{"rendered":"http:\/\/www.daogrefrattari.com\/?page_id=15"},"modified":"2024-11-21T13:22:18","modified_gmt":"2024-11-21T12:22:18","slug":"fornitori","status":"publish","type":"page","link":"https:\/\/www.daogrefrattari.com\/?page_id=15","title":{"rendered":"Fornitori"},"content":{"rendered":"\t\t<div data-elementor-type=\"wp-page\" data-elementor-id=\"15\" class=\"elementor elementor-15\" data-elementor-post-type=\"page\">\n\t\t\t\t\t\t<section class=\"elementor-section elementor-top-section elementor-element elementor-element-7aa64dd4 elementor-section-full_width elementor-section-height-min-height elementor-section-items-stretch elementor-section-height-default\" data-id=\"7aa64dd4\" data-element_type=\"section\" data-e-type=\"section\" data-settings=\"{&quot;sticky&quot;:&quot;top&quot;,&quot;background_background&quot;:&quot;classic&quot;,&quot;sticky_on&quot;:[&quot;desktop&quot;,&quot;tablet&quot;,&quot;mobile&quot;],&quot;sticky_offset&quot;:0,&quot;sticky_effects_offset&quot;:0,&quot;sticky_anchor_link_offset&quot;:0}\">\n\t\t\t\t\t\t<div class=\"elementor-container elementor-column-gap-default\">\n\t\t\t\t\t<div class=\"elementor-column elementor-col-33 elementor-top-column elementor-element elementor-element-2bd7fbbe\" data-id=\"2bd7fbbe\" data-element_type=\"column\" data-e-type=\"column\">\n\t\t\t<div class=\"elementor-widget-wrap elementor-element-populated\">\n\t\t\t\t\t\t<div class=\"elementor-element elementor-element-3ba98fd5 elementor-widget elementor-widget-image\" data-id=\"3ba98fd5\" data-element_type=\"widget\" data-e-type=\"widget\" data-widget_type=\"image.default\">\n\t\t\t\t<div class=\"elementor-widget-container\">\n\t\t\t\t\t\t\t\t\t\t\t\t\t\t\t\t<a href=\"http:\/\/www.daogrefrattari.com\">\n\t\t\t\t\t\t\t<img fetchpriority=\"high\" decoding=\"async\" width=\"696\" height=\"469\" src=\"https:\/\/www.daogrefrattari.com\/wp-content\/uploads\/2021\/02\/LOGO.psd.png\" class=\"attachment-large size-large wp-image-42\" alt=\"\" srcset=\"https:\/\/www.daogrefrattari.com\/wp-content\/uploads\/2021\/02\/LOGO.psd.png 977w, https:\/\/www.daogrefrattari.com\/wp-content\/uploads\/2021\/02\/LOGO.psd-300x202.png 300w, https:\/\/www.daogrefrattari.com\/wp-content\/uploads\/2021\/02\/LOGO.psd-768x518.png 768w\" sizes=\"(max-width: 696px) 100vw, 696px\" \/>\t\t\t\t\t\t\t\t<\/a>\n\t\t\t\t\t\t\t\t\t\t\t\t\t\t\t<\/div>\n\t\t\t\t<\/div>\n\t\t\t\t\t<\/div>\n\t\t<\/div>\n\t\t\t\t<div class=\"elementor-column elementor-col-33 elementor-top-column elementor-element elementor-element-6ac3d83c\" data-id=\"6ac3d83c\" data-element_type=\"column\" data-e-type=\"column\">\n\t\t\t<div class=\"elementor-widget-wrap elementor-element-populated\">\n\t\t\t\t\t\t<div class=\"elementor-element elementor-element-2e15bb30 elementor-nav-menu__align-end elementor-nav-menu--dropdown-mobile elementor-nav-menu--stretch elementor-nav-menu__text-align-center elementor-nav-menu--toggle elementor-nav-menu--burger elementor-widget elementor-widget-nav-menu\" data-id=\"2e15bb30\" data-element_type=\"widget\" data-e-type=\"widget\" data-settings=\"{&quot;full_width&quot;:&quot;stretch&quot;,&quot;layout&quot;:&quot;horizontal&quot;,&quot;submenu_icon&quot;:{&quot;value&quot;:&quot;&lt;i class=\\&quot;fas fa-caret-down\\&quot; aria-hidden=\\&quot;true\\&quot;&gt;&lt;\\\/i&gt;&quot;,&quot;library&quot;:&quot;fa-solid&quot;},&quot;toggle&quot;:&quot;burger&quot;}\" data-widget_type=\"nav-menu.default\">\n\t\t\t\t<div class=\"elementor-widget-container\">\n\t\t\t\t\t\t\t\t<nav aria-label=\"Menu\" class=\"elementor-nav-menu--main elementor-nav-menu__container elementor-nav-menu--layout-horizontal e--pointer-text e--animation-sink\">\n\t\t\t\t<ul id=\"menu-1-2e15bb30\" class=\"elementor-nav-menu\"><li class=\"menu-item menu-item-type-post_type menu-item-object-page menu-item-25\"><a href=\"https:\/\/www.daogrefrattari.com\/?page_id=11\" class=\"elementor-item\">Societ\u00e0<\/a><\/li>\n<li class=\"menu-item menu-item-type-post_type menu-item-object-page menu-item-24\"><a href=\"https:\/\/www.daogrefrattari.com\/?page_id=13\" class=\"elementor-item\">Prodotti<\/a><\/li>\n<li class=\"menu-item menu-item-type-post_type menu-item-object-page menu-item-23\"><a href=\"https:\/\/www.daogrefrattari.com\/?page_id=15\" class=\"elementor-item\">Fornitori<\/a><\/li>\n<li class=\"menu-item menu-item-type-post_type menu-item-object-page menu-item-22\"><a href=\"https:\/\/www.daogrefrattari.com\/?page_id=17\" class=\"elementor-item\">Clienti<\/a><\/li>\n<li class=\"menu-item menu-item-type-post_type menu-item-object-page menu-item-21\"><a href=\"https:\/\/www.daogrefrattari.com\/?page_id=19\" class=\"elementor-item\">Contatti<\/a><\/li>\n<li class=\"menu-item wpml-ls-slot-2 wpml-ls-item wpml-ls-item-it wpml-ls-current-language wpml-ls-menu-item wpml-ls-first-item menu-item-type-wpml_ls_menu_item menu-item-object-wpml_ls_menu_item menu-item-has-children menu-item-wpml-ls-2-it\"><a href=\"http:\/\/www.daogrefrattari.com\" class=\"elementor-item\"><img decoding=\"async\" class=\"wpml-ls-flag\" src=\"https:\/\/www.daogrefrattari.com\/wp-content\/plugins\/sitepress-multilingual-cms\/res\/flags\/it.png\" alt=\"Italiano\"><\/a>\n<ul class=\"sub-menu elementor-nav-menu--dropdown\">\n\t<li class=\"menu-item wpml-ls-slot-2 wpml-ls-item wpml-ls-item-en wpml-ls-menu-item wpml-ls-last-item menu-item-type-wpml_ls_menu_item menu-item-object-wpml_ls_menu_item menu-item-wpml-ls-2-en\"><a href=\"http:\/\/www.daogrefrattari.com\/?lang=en\" class=\"elementor-sub-item\"><img decoding=\"async\" class=\"wpml-ls-flag\" src=\"https:\/\/www.daogrefrattari.com\/wp-content\/plugins\/sitepress-multilingual-cms\/res\/flags\/en.png\" alt=\"Inglese\"><\/a><\/li>\n<\/ul>\n<\/li>\n<\/ul>\t\t\t<\/nav>\n\t\t\t\t\t<div class=\"elementor-menu-toggle\" role=\"button\" tabindex=\"0\" aria-label=\"Menu di commutazione\" aria-expanded=\"false\">\n\t\t\t<i aria-hidden=\"true\" role=\"presentation\" class=\"elementor-menu-toggle__icon--open eicon-menu-bar\"><\/i><i aria-hidden=\"true\" role=\"presentation\" class=\"elementor-menu-toggle__icon--close eicon-close\"><\/i>\t\t<\/div>\n\t\t\t\t\t<nav class=\"elementor-nav-menu--dropdown elementor-nav-menu__container\" aria-hidden=\"true\">\n\t\t\t\t<ul id=\"menu-2-2e15bb30\" class=\"elementor-nav-menu\"><li class=\"menu-item menu-item-type-post_type menu-item-object-page menu-item-25\"><a href=\"https:\/\/www.daogrefrattari.com\/?page_id=11\" class=\"elementor-item\" tabindex=\"-1\">Societ\u00e0<\/a><\/li>\n<li class=\"menu-item menu-item-type-post_type menu-item-object-page menu-item-24\"><a href=\"https:\/\/www.daogrefrattari.com\/?page_id=13\" class=\"elementor-item\" tabindex=\"-1\">Prodotti<\/a><\/li>\n<li class=\"menu-item menu-item-type-post_type menu-item-object-page menu-item-23\"><a href=\"https:\/\/www.daogrefrattari.com\/?page_id=15\" class=\"elementor-item\" tabindex=\"-1\">Fornitori<\/a><\/li>\n<li class=\"menu-item menu-item-type-post_type menu-item-object-page menu-item-22\"><a href=\"https:\/\/www.daogrefrattari.com\/?page_id=17\" class=\"elementor-item\" tabindex=\"-1\">Clienti<\/a><\/li>\n<li class=\"menu-item menu-item-type-post_type menu-item-object-page menu-item-21\"><a href=\"https:\/\/www.daogrefrattari.com\/?page_id=19\" class=\"elementor-item\" tabindex=\"-1\">Contatti<\/a><\/li>\n<li class=\"menu-item wpml-ls-slot-2 wpml-ls-item wpml-ls-item-it wpml-ls-current-language wpml-ls-menu-item wpml-ls-first-item menu-item-type-wpml_ls_menu_item menu-item-object-wpml_ls_menu_item menu-item-has-children menu-item-wpml-ls-2-it\"><a href=\"http:\/\/www.daogrefrattari.com\" class=\"elementor-item\" tabindex=\"-1\"><img decoding=\"async\" class=\"wpml-ls-flag\" src=\"https:\/\/www.daogrefrattari.com\/wp-content\/plugins\/sitepress-multilingual-cms\/res\/flags\/it.png\" alt=\"Italiano\"><\/a>\n<ul class=\"sub-menu elementor-nav-menu--dropdown\">\n\t<li class=\"menu-item wpml-ls-slot-2 wpml-ls-item wpml-ls-item-en wpml-ls-menu-item wpml-ls-last-item menu-item-type-wpml_ls_menu_item menu-item-object-wpml_ls_menu_item menu-item-wpml-ls-2-en\"><a href=\"http:\/\/www.daogrefrattari.com\/?lang=en\" class=\"elementor-sub-item\" tabindex=\"-1\"><img decoding=\"async\" class=\"wpml-ls-flag\" src=\"https:\/\/www.daogrefrattari.com\/wp-content\/plugins\/sitepress-multilingual-cms\/res\/flags\/en.png\" alt=\"Inglese\"><\/a><\/li>\n<\/ul>\n<\/li>\n<\/ul>\t\t\t<\/nav>\n\t\t\t\t\t\t<\/div>\n\t\t\t\t<\/div>\n\t\t\t\t\t<\/div>\n\t\t<\/div>\n\t\t\t\t<div class=\"elementor-column elementor-col-33 elementor-top-column elementor-element elementor-element-315eb8dd\" data-id=\"315eb8dd\" data-element_type=\"column\" data-e-type=\"column\">\n\t\t\t<div class=\"elementor-widget-wrap\">\n\t\t\t\t\t\t\t<\/div>\n\t\t<\/div>\n\t\t\t\t\t<\/div>\n\t\t<\/section>\n\t\t\t\t<section class=\"elementor-section elementor-top-section elementor-element elementor-element-3aecaa18 elementor-section-height-min-height elementor-section-full_width elementor-section-height-default elementor-section-items-middle\" data-id=\"3aecaa18\" data-element_type=\"section\" data-e-type=\"section\" data-settings=\"{&quot;background_background&quot;:&quot;slideshow&quot;,&quot;background_slideshow_gallery&quot;:[{&quot;id&quot;:147,&quot;url&quot;:&quot;http:\\\/\\\/www.daogrefrattari.com\\\/wp-content\\\/uploads\\\/2021\\\/02\\\/close-up-eyeshadows-for-make-up-1-min-scaled.jpg&quot;},{&quot;id&quot;:146,&quot;url&quot;:&quot;http:\\\/\\\/www.daogrefrattari.com\\\/wp-content\\\/uploads\\\/2021\\\/02\\\/close-up-eyeshadows-for-make-up-1-min-2-scaled.jpg&quot;}],&quot;background_slideshow_ken_burns&quot;:&quot;yes&quot;,&quot;background_slideshow_transition_duration&quot;:5000,&quot;background_slideshow_loop&quot;:&quot;yes&quot;,&quot;background_slideshow_slide_duration&quot;:5000,&quot;background_slideshow_slide_transition&quot;:&quot;fade&quot;,&quot;background_slideshow_ken_burns_zoom_direction&quot;:&quot;in&quot;}\">\n\t\t\t\t\t\t\t<div class=\"elementor-background-overlay\"><\/div>\n\t\t\t\t\t\t\t<div class=\"elementor-container elementor-column-gap-default\">\n\t\t\t\t\t<div class=\"elementor-column elementor-col-100 elementor-top-column elementor-element elementor-element-3091ee9e\" data-id=\"3091ee9e\" data-element_type=\"column\" data-e-type=\"column\" data-settings=\"{&quot;background_background&quot;:&quot;classic&quot;}\">\n\t\t\t<div class=\"elementor-widget-wrap elementor-element-populated\">\n\t\t\t\t\t\t<div class=\"elementor-element elementor-element-230dbf2b elementor-widget elementor-widget-heading\" data-id=\"230dbf2b\" data-element_type=\"widget\" data-e-type=\"widget\" data-widget_type=\"heading.default\">\n\t\t\t\t<div class=\"elementor-widget-container\">\n\t\t\t\t\t<h1 class=\"elementor-heading-title elementor-size-default\"><b>DAOG <\/b>REFRATTARI<\/h1>\t\t\t\t<\/div>\n\t\t\t\t<\/div>\n\t\t\t\t<div class=\"elementor-element elementor-element-14090f9f elementor-widget elementor-widget-heading\" data-id=\"14090f9f\" data-element_type=\"widget\" data-e-type=\"widget\" data-widget_type=\"heading.default\">\n\t\t\t\t<div class=\"elementor-widget-container\">\n\t\t\t\t\t<h1 class=\"elementor-heading-title elementor-size-default\"><B>DAL 1948 OLTRE 70 ANNI D'ESPERIENZA<\/h1>\t\t\t\t<\/div>\n\t\t\t\t<\/div>\n\t\t\t\t\t<\/div>\n\t\t<\/div>\n\t\t\t\t\t<\/div>\n\t\t<\/section>\n\t\t\t\t<section class=\"elementor-section elementor-top-section elementor-element elementor-element-6d88dd6c elementor-section-full_width elementor-section-height-default elementor-section-height-default\" data-id=\"6d88dd6c\" data-element_type=\"section\" data-e-type=\"section\">\n\t\t\t\t\t\t<div class=\"elementor-container elementor-column-gap-default\">\n\t\t\t\t\t<div class=\"elementor-column elementor-col-100 elementor-top-column elementor-element elementor-element-4bc1d849\" data-id=\"4bc1d849\" data-element_type=\"column\" data-e-type=\"column\">\n\t\t\t<div class=\"elementor-widget-wrap elementor-element-populated\">\n\t\t\t\t\t\t<div class=\"elementor-element elementor-element-35c49388 elementor-widget elementor-widget-heading\" data-id=\"35c49388\" data-element_type=\"widget\" data-e-type=\"widget\" data-widget_type=\"heading.default\">\n\t\t\t\t<div class=\"elementor-widget-container\">\n\t\t\t\t\t<h2 class=\"elementor-heading-title elementor-size-default\"><b>FORNITORI<\/b><\/h2>\t\t\t\t<\/div>\n\t\t\t\t<\/div>\n\t\t\t\t\t<\/div>\n\t\t<\/div>\n\t\t\t\t\t<\/div>\n\t\t<\/section>\n\t\t\t\t<section class=\"elementor-section elementor-top-section elementor-element elementor-element-b5a3b23 elementor-section-boxed elementor-section-height-default elementor-section-height-default\" data-id=\"b5a3b23\" data-element_type=\"section\" data-e-type=\"section\">\n\t\t\t\t\t\t<div class=\"elementor-container elementor-column-gap-default\">\n\t\t\t\t\t<div class=\"elementor-column elementor-col-100 elementor-top-column elementor-element elementor-element-199a5f2\" data-id=\"199a5f2\" data-element_type=\"column\" data-e-type=\"column\">\n\t\t\t<div class=\"elementor-widget-wrap elementor-element-populated\">\n\t\t\t\t\t\t<div class=\"elementor-element elementor-element-983a9c2 elementor-widget elementor-widget-heading\" data-id=\"983a9c2\" data-element_type=\"widget\" data-e-type=\"widget\" data-widget_type=\"heading.default\">\n\t\t\t\t<div class=\"elementor-widget-container\">\n\t\t\t\t\t<h2 class=\"elementor-heading-title elementor-size-default\">Daog refrattari seleziona ed offre ai propri clienti un ampio e variegato catalogo di fornitori internazionali in grado di soddisfare le pi\u00f9 disparate esigenze di produzione. Conosciamo di persona tutti nostri fornitori e garantiamo la qualit\u00e0 dei prodotti e la seriet\u00e0 del servizio prestato.<\/h2>\t\t\t\t<\/div>\n\t\t\t\t<\/div>\n\t\t\t\t\t<\/div>\n\t\t<\/div>\n\t\t\t\t\t<\/div>\n\t\t<\/section>\n\t\t\t\t<section class=\"elementor-section elementor-top-section elementor-element elementor-element-743628a6 elementor-section-boxed elementor-section-height-default elementor-section-height-default\" data-id=\"743628a6\" data-element_type=\"section\" data-e-type=\"section\">\n\t\t\t\t\t\t<div class=\"elementor-container elementor-column-gap-default\">\n\t\t\t\t\t<div class=\"elementor-column elementor-col-100 elementor-top-column elementor-element elementor-element-880468b\" data-id=\"880468b\" data-element_type=\"column\" data-e-type=\"column\">\n\t\t\t<div class=\"elementor-widget-wrap elementor-element-populated\">\n\t\t\t\t\t\t<section class=\"elementor-section elementor-inner-section elementor-element elementor-element-3579ac22 elementor-section-full_width elementor-section-height-default elementor-section-height-default\" data-id=\"3579ac22\" data-element_type=\"section\" data-e-type=\"section\">\n\t\t\t\t\t\t<div class=\"elementor-container elementor-column-gap-default\">\n\t\t\t\t\t<div class=\"elementor-column elementor-col-50 elementor-inner-column elementor-element elementor-element-5b874793\" data-id=\"5b874793\" data-element_type=\"column\" data-e-type=\"column\">\n\t\t\t<div class=\"elementor-widget-wrap elementor-element-populated\">\n\t\t\t\t\t\t<div class=\"elementor-element elementor-element-4fb73fb9 elementor-widget__width-auto elementor-widget elementor-widget-heading\" data-id=\"4fb73fb9\" data-element_type=\"widget\" data-e-type=\"widget\" data-widget_type=\"heading.default\">\n\t\t\t\t<div class=\"elementor-widget-container\">\n\t\t\t\t\t<h2 class=\"elementor-heading-title elementor-size-default\"><a href=\"http:\/\/www.gottfried.de\/en\">Adolf Gottfried<\/a><\/h2>\t\t\t\t<\/div>\n\t\t\t\t<\/div>\n\t\t\t\t<div class=\"elementor-element elementor-element-4fa2fe5 elementor-widget elementor-widget-text-editor\" data-id=\"4fa2fe5\" data-element_type=\"widget\" data-e-type=\"widget\" data-widget_type=\"text-editor.default\">\n\t\t\t\t<div class=\"elementor-widget-container\">\n\t\t\t\t\t\t\t\t\t<p>Ubicata a Grossheirath, a sud di Coburgo, \u00e8 una delle pi\u00f9 importanti case produttrici di chamotte. Dalle sue cave vengono estratte varie qualit\u00e0 di argilla, vendute anche in pezzi o macinate,e utilizzate principalmente per la produzione di chamotte tradizionale e refrattaria.<\/p>\t\t\t\t\t\t\t\t<\/div>\n\t\t\t\t<\/div>\n\t\t\t\t\t<\/div>\n\t\t<\/div>\n\t\t\t\t<div class=\"elementor-column elementor-col-50 elementor-inner-column elementor-element elementor-element-c5f7714\" data-id=\"c5f7714\" data-element_type=\"column\" data-e-type=\"column\">\n\t\t\t<div class=\"elementor-widget-wrap elementor-element-populated\">\n\t\t\t\t\t\t<div class=\"elementor-element elementor-element-21268cb elementor-widget__width-auto elementor-widget elementor-widget-heading\" data-id=\"21268cb\" data-element_type=\"widget\" data-e-type=\"widget\" data-widget_type=\"heading.default\">\n\t\t\t\t<div class=\"elementor-widget-container\">\n\t\t\t\t\t<h2 class=\"elementor-heading-title elementor-size-default\"><a href=\"http:\/\/alfaaggregates.com\/\">Alfa Aggregates<\/a><\/h2>\t\t\t\t<\/div>\n\t\t\t\t<\/div>\n\t\t\t\t<div class=\"elementor-element elementor-element-7870cb3 elementor-widget elementor-widget-text-editor\" data-id=\"7870cb3\" data-element_type=\"widget\" data-e-type=\"widget\" data-widget_type=\"text-editor.default\">\n\t\t\t\t<div class=\"elementor-widget-container\">\n\t\t\t\t\t\t\t\t\t<p>Situata nella zona di Stock on Trent (Regno Unito), produce chamotte leggere per la produzione di refrattari e prodotti per l\u2019edilizia.<\/p>\t\t\t\t\t\t\t\t<\/div>\n\t\t\t\t<\/div>\n\t\t\t\t\t<\/div>\n\t\t<\/div>\n\t\t\t\t\t<\/div>\n\t\t<\/section>\n\t\t\t\t<section class=\"elementor-section elementor-inner-section elementor-element elementor-element-22c29a0 elementor-section-full_width elementor-section-height-default elementor-section-height-default\" data-id=\"22c29a0\" data-element_type=\"section\" data-e-type=\"section\">\n\t\t\t\t\t\t<div class=\"elementor-container elementor-column-gap-default\">\n\t\t\t\t\t<div class=\"elementor-column elementor-col-50 elementor-inner-column elementor-element elementor-element-5008a92\" data-id=\"5008a92\" data-element_type=\"column\" data-e-type=\"column\">\n\t\t\t<div class=\"elementor-widget-wrap elementor-element-populated\">\n\t\t\t\t\t\t<div class=\"elementor-element elementor-element-49f9009 elementor-widget__width-auto elementor-widget elementor-widget-heading\" data-id=\"49f9009\" data-element_type=\"widget\" data-e-type=\"widget\" data-widget_type=\"heading.default\">\n\t\t\t\t<div class=\"elementor-widget-container\">\n\t\t\t\t\t<h2 class=\"elementor-heading-title elementor-size-default\"><a href=\"http:\/\/www.delachaux.fr\/En\/metals\">DCX Chrome<\/a><\/h2>\t\t\t\t<\/div>\n\t\t\t\t<\/div>\n\t\t\t\t<div class=\"elementor-element elementor-element-0aa8f62 elementor-widget elementor-widget-text-editor\" data-id=\"0aa8f62\" data-element_type=\"widget\" data-e-type=\"widget\" data-widget_type=\"text-editor.default\">\n\t\t\t\t<div class=\"elementor-widget-container\">\n\t\t\t\t\t\t\t\t\t<p>Societ\u00e0 del gruppo francese Delachaux, produce Cromo corindone e Ossido di cromo verde, molto utilizzato nel settore refrattario ma recentemente sperimentato con ottimi risultati in molte altre applicazioni industriali.<\/p>\t\t\t\t\t\t\t\t<\/div>\n\t\t\t\t<\/div>\n\t\t\t\t\t<\/div>\n\t\t<\/div>\n\t\t\t\t<div class=\"elementor-column elementor-col-50 elementor-inner-column elementor-element elementor-element-4acd226\" data-id=\"4acd226\" data-element_type=\"column\" data-e-type=\"column\">\n\t\t\t<div class=\"elementor-widget-wrap elementor-element-populated\">\n\t\t\t\t\t\t<div class=\"elementor-element elementor-element-ebe2a6a elementor-widget__width-auto elementor-widget elementor-widget-heading\" data-id=\"ebe2a6a\" data-element_type=\"widget\" data-e-type=\"widget\" data-widget_type=\"heading.default\">\n\t\t\t\t<div class=\"elementor-widget-container\">\n\t\t\t\t\t<h2 class=\"elementor-heading-title elementor-size-default\"><a href=\"http:\/\/www.imerystalc.com\/\">Imerys e Talc de Luzenac<\/a><\/h2>\t\t\t\t<\/div>\n\t\t\t\t<\/div>\n\t\t\t\t<div class=\"elementor-element elementor-element-8b15738 elementor-widget elementor-widget-text-editor\" data-id=\"8b15738\" data-element_type=\"widget\" data-e-type=\"widget\" data-widget_type=\"text-editor.default\">\n\t\t\t\t<div class=\"elementor-widget-container\">\n\t\t\t\t\t\t\t\t\t<p>Principale produttrice europea di Talco, ubicata nel sud della Francia e parte del Gruppo Imerys. Produce per l\u2019industria refrattaria e per la produzione di impasti destinati alle piastrelle da stufa.<\/p>\t\t\t\t\t\t\t\t<\/div>\n\t\t\t\t<\/div>\n\t\t\t\t\t<\/div>\n\t\t<\/div>\n\t\t\t\t\t<\/div>\n\t\t<\/section>\n\t\t\t\t<section class=\"elementor-section elementor-inner-section elementor-element elementor-element-5c44d19 elementor-section-full_width elementor-section-height-default elementor-section-height-default\" data-id=\"5c44d19\" data-element_type=\"section\" data-e-type=\"section\">\n\t\t\t\t\t\t<div class=\"elementor-container elementor-column-gap-default\">\n\t\t\t\t\t<div class=\"elementor-column elementor-col-50 elementor-inner-column elementor-element elementor-element-a500458\" data-id=\"a500458\" data-element_type=\"column\" data-e-type=\"column\">\n\t\t\t<div class=\"elementor-widget-wrap elementor-element-populated\">\n\t\t\t\t\t\t<div class=\"elementor-element elementor-element-53c50a7 elementor-widget__width-auto elementor-widget elementor-widget-heading\" data-id=\"53c50a7\" data-element_type=\"widget\" data-e-type=\"widget\" data-widget_type=\"heading.default\">\n\t\t\t\t<div class=\"elementor-widget-container\">\n\t\t\t\t\t<h2 class=\"elementor-heading-title elementor-size-default\"><a href=\"https:\/\/kts-kg.de\/\">KTS- K\u00e4rlicher Ton- und Schamottwerke Mannheim &amp; Co. KG Fabrik <\/a><\/h2>\t\t\t\t<\/div>\n\t\t\t\t<\/div>\n\t\t\t\t<div class=\"elementor-element elementor-element-745166f elementor-widget elementor-widget-text-editor\" data-id=\"745166f\" data-element_type=\"widget\" data-e-type=\"widget\" data-widget_type=\"text-editor.default\">\n\t\t\t\t<div class=\"elementor-widget-container\">\n\t\t\t\t\t\t\t\t\t<p style=\"font-weight: 400;\">Le materie prime K\u00e4rlich si caratterizzano per la loro rara composizione chimica. Sono specializzati in materie prime ceramiche, refrattari e di altri silicati Ci\u00f2 significa che differiscono notevolmente dalle altre argille della regione e da altri depositi di argilla tedeschi e sono particolarmente adatte per applicazioni speciali di alta qualit\u00e0.<\/p>\t\t\t\t\t\t\t\t<\/div>\n\t\t\t\t<\/div>\n\t\t\t\t\t<\/div>\n\t\t<\/div>\n\t\t\t\t<div class=\"elementor-column elementor-col-50 elementor-inner-column elementor-element elementor-element-09919e8\" data-id=\"09919e8\" data-element_type=\"column\" data-e-type=\"column\">\n\t\t\t<div class=\"elementor-widget-wrap elementor-element-populated\">\n\t\t\t\t\t\t<div class=\"elementor-element elementor-element-3c466ae elementor-widget__width-auto elementor-widget elementor-widget-heading\" data-id=\"3c466ae\" data-element_type=\"widget\" data-e-type=\"widget\" data-widget_type=\"heading.default\">\n\t\t\t\t<div class=\"elementor-widget-container\">\n\t\t\t\t\t<h2 class=\"elementor-heading-title elementor-size-default\"><a href=\"http:\/\/www.imerystalc.com\/\">Altri fornitori<\/a><\/h2>\t\t\t\t<\/div>\n\t\t\t\t<\/div>\n\t\t\t\t<div class=\"elementor-element elementor-element-ad14493 elementor-widget elementor-widget-text-editor\" data-id=\"ad14493\" data-element_type=\"widget\" data-e-type=\"widget\" data-widget_type=\"text-editor.default\">\n\t\t\t\t<div class=\"elementor-widget-container\">\n\t\t\t\t\t\t\t\t\t<p>Ai nostri fornitori storici si aggiungono nuove collaborazioni tra le quali la portoghese <a href=\"https:\/\/www.aldeiairmao.pt\/\" target=\"_blank\" rel=\"noopener\">Aldeia SA &nbsp;<\/a>per argille e altri prodotti.<\/p>\t\t\t\t\t\t\t\t<\/div>\n\t\t\t\t<\/div>\n\t\t\t\t\t<\/div>\n\t\t<\/div>\n\t\t\t\t\t<\/div>\n\t\t<\/section>\n\t\t\t\t\t<\/div>\n\t\t<\/div>\n\t\t\t\t\t<\/div>\n\t\t<\/section>\n\t\t\t\t<section class=\"elementor-section elementor-top-section elementor-element elementor-element-723cd947 elementor-section-boxed elementor-section-height-default elementor-section-height-default\" data-id=\"723cd947\" data-element_type=\"section\" data-e-type=\"section\">\n\t\t\t\t\t\t<div class=\"elementor-container elementor-column-gap-default\">\n\t\t\t\t\t<div class=\"elementor-column elementor-col-100 elementor-top-column elementor-element elementor-element-53d3f457\" data-id=\"53d3f457\" data-element_type=\"column\" data-e-type=\"column\">\n\t\t\t<div class=\"elementor-widget-wrap elementor-element-populated\">\n\t\t\t\t\t\t<div class=\"elementor-element elementor-element-5989dc64 elementor-widget elementor-widget-text-editor\" data-id=\"5989dc64\" data-element_type=\"widget\" data-e-type=\"widget\" data-widget_type=\"text-editor.default\">\n\t\t\t\t<div class=\"elementor-widget-container\">\n\t\t\t\t\t\t\t\t\t<p class=\"faq__title post__title entry-title\">\u00a9COPYRIGHT 2024 -DAOG REFRATTARI S.R.L.- Via Paolo Lomazzo, 58, 20154 Milano<\/p>\t\t\t\t\t\t\t\t<\/div>\n\t\t\t\t<\/div>\n\t\t\t\t\t<\/div>\n\t\t<\/div>\n\t\t\t\t\t<\/div>\n\t\t<\/section>\n\t\t\t\t<\/div>\n\t\t","protected":false},"excerpt":{"rendered":"<p>DAOG REFRATTARI DAL 1948 OLTRE 70 ANNI D&#8217;ESPERIENZA FORNITORI Daog refrattari seleziona ed offre ai propri clienti un ampio e variegato catalogo di fornitori internazionali in grado di soddisfare le pi\u00f9 disparate esigenze di produzione. Conosciamo di persona tutti nostri fornitori e garantiamo la qualit\u00e0 dei prodotti e la seriet\u00e0 del servizio prestato. Adolf Gottfried<\/p><\/div>\n<div class=\"blog-btn\"><a href=\"https:\/\/www.daogrefrattari.com\/?page_id=15\" class=\"home-blog-btn\">Leggi tutto<\/a><\/p>\n","protected":false},"author":1,"featured_media":0,"parent":0,"menu_order":0,"comment_status":"closed","ping_status":"closed","template":"elementor_canvas","meta":{"footnotes":""},"class_list":["post-15","page","type-page","status-publish","hentry"],"_links":{"self":[{"href":"https:\/\/www.daogrefrattari.com\/index.php?rest_route=\/wp\/v2\/pages\/15","targetHints":{"allow":["GET"]}}],"collection":[{"href":"https:\/\/www.daogrefrattari.com\/index.php?rest_route=\/wp\/v2\/pages"}],"about":[{"href":"https:\/\/www.daogrefrattari.com\/index.php?rest_route=\/wp\/v2\/types\/page"}],"author":[{"embeddable":true,"href":"https:\/\/www.daogrefrattari.com\/index.php?rest_route=\/wp\/v2\/users\/1"}],"replies":[{"embeddable":true,"href":"https:\/\/www.daogrefrattari.com\/index.php?rest_route=%2Fwp%2Fv2%2Fcomments&post=15"}],"version-history":[{"count":61,"href":"https:\/\/www.daogrefrattari.com\/index.php?rest_route=\/wp\/v2\/pages\/15\/revisions"}],"predecessor-version":[{"id":673,"href":"https:\/\/www.daogrefrattari.com\/index.php?rest_route=\/wp\/v2\/pages\/15\/revisions\/673"}],"wp:attachment":[{"href":"https:\/\/www.daogrefrattari.com\/index.php?rest_route=%2Fwp%2Fv2%2Fmedia&parent=15"}],"curies":[{"name":"wp","href":"https:\/\/api.w.org\/{rel}","templated":true}]}}